{"id":22,"date":"2019-11-14T09:37:26","date_gmt":"2019-11-14T09:37:26","guid":{"rendered":"https:\/\/fishbrook.de\/?page_id=22"},"modified":"2020-11-15T15:43:01","modified_gmt":"2020-11-15T15:43:01","slug":"the-trio","status":"publish","type":"page","link":"https:\/\/fishbrook.de\/index.php\/the-trio\/","title":{"rendered":"The Trio"},"content":{"rendered":"\n<p><\/p>\n\n\n\n<figure class=\"wp-block-image size-large\"><img decoding=\"async\" src=\"blob:https:\/\/fishbrook.de\/2da9ca37-996d-4e13-a937-502fba7c1ad6\" alt=\"\"\/><\/figure>\n\n\n<p>Fishbrook- Alternative Country or Indie Folk?<br>The lowest common denominator the musicians can agree on is Neil Young. Otherwise, the influences are numerous and very different. Ludwig loves, for example the Sex Pistols and Nirvana, Micha likes H\u00fcsker D\u00fc, Hendrix or early Talking Heads. Sabine Pink Floyd, Sufjan Stevens and Sigur R\u00f3s.<br>The lyrics are about everyday things that have happened or might happen to anyone, and are about gamblers, dandies, pimps, or Simone, Gaby, Esther, and Tina. Musically, Ludwig&#8217;s music is never mainstream. Only listening helps, at least I can not describe it.<\/p>\n<p>The story of Fishbrook, however, began long before Fishbrook.<\/p>\n<p>So from the beginning.<br>Ludwig Thoma jun. comes from a family of musicians (?) and had to play as a child on the Hammond organ &#8222;Maria&#8220;. Before learning the zither, only a fever attack protected him. He did not get his fancy for music until he was 17 when he started to do minimal punk with &#8222;Nachgeburt&#8220;. In the meantime, he has been active or active in almost countless of his own projects &#8211; Elephant never sleeps, fix und fertig, House of Pancakes, Softtoysanimals, DHP, Ludwigthoma goes pop, ludwig thoma jun, Ludwig London, made music with Grupo sportivo and again and again with Anne Clark. And now Fishbrook. Stylistically never set, it drives him from minimal wave to metal and punk to alternative country. He handles almost every instrument from guitar and bass to keyboards and synthesizers, drums, trumpets and saxophones. And he sings. And how! And he writes all songs.<\/p>\n<p>Is there still room next to Ludwig?<br>Sabine Jacob alias Suzie que joined in April 2019. Growing up in the zone, she had to learn piano and violin. At 12, she fell in love with the flute, and because there were no flutes to buy in the East, she built one out of a sewage pipe. Later, she played in a wind orchestra to get on a government-licensed flute, learned guitar and bass alongside and began playing with 18 in cover band keyboards and singing, she was happy from 1985 -89 at the Neil Young cover band Montezuma , With the escape from the zone it was over from 1989 with Rock&#8217;n&#8217;Roll. Until she met Ludwig. Now she sings his songs, plays bass and sometimes flute.<\/p>\n<p>Something is missing?<br>Micha H makes the duo a band. He was kicked out of the school choir once. Since then he steadfastly refuses to go anywhere near a vocal micro. In the Enzo Mafia band he played the early 1980&#8217;s herb jazz rock, further stations were the Tom Hartmann band and Strahler 80. From 1985-88 he drummed at the Shiny Gnomes on the LP`s &#8222;Wild Spells&#8220; and &#8222;Funny Nightmares &#8222;. After over a quarter of a century of musical abstinence, he is now back on the drums of the soul band &#8222;NoiseProjekt&#8220;. He can not leave it then. And by lucky coincidence (the accident makes the music) since August 2019 Percussion at Fishbrook.<\/p>\n\n\n<p>Fishbrook- Alternative Country oder Indie Folk?<br>Der kleinste gemeinsame Nenner, auf den sich die Musiker einigen k\u00f6nnen, ist&nbsp;<a href=\"x-apple-data-detectors:\/\/0\">Neil Young<\/a>. Ansonsten sind die Einfl\u00fcsse zahlreich und sehr unterschiedlich. Ludwig liebt z.B. die Sex Pistols und Nirvana, Micha mag H\u00fcsker D\u00fc, Hendrix oder fr\u00fche Talking Heads. Sabine Pink Floyd,&nbsp;<a href=\"x-apple-data-detectors:\/\/2\">Sufjan Stevens<\/a>&nbsp;und&nbsp;<a href=\"x-apple-data-detectors:\/\/3\">Sigur R\u00f3s<\/a>.<br>Die Texte handeln von allt\u00e4glichen Dingen, die so jedem passiert sind oder passieren k\u00f6nnten, und handeln von Zockern, Dandys, Zuh\u00e4ltern oder von Simone, Gaby, Esther und Tina. Musikalisch ist Ludwigs Musik nie Mainstream. Nur Anh\u00f6ren hilft, beschreiben kann zumindest ich das nicht.<\/p>\n\n\n\n<p>Die Geschichte von Fishbrook begann jedoch lange vor Fishbrook.<\/p>\n\n\n\n<p>Also von Anfang an.<br>Ludwig Thoma jun. stammt aus einer Musikantenfamilie (?) und mu\u00dfte als Kind auf der Hammondorgel \u201eMaria\u201c spielen . Vor dem Erlernen der Zither sch\u00fctze ihn nur ein Fieberanfall. Lust auf Musik bekam er erst mit 17, als er mit \u201eNachgeburt\u201c begann, Minimalpunk zu machen. Inzwischen ist er in nahezu unz\u00e4hligen eigenen Projekten aktiv oder aktiv gewesen- Elephant never sleeps, Fix und fertig, House of Pancakes, Softtoysanimals, DHP, Ludwigthoma goes pop, Ludwig Thoma Jun, Ludwig London, machte mit Grupo sportivo Musik und immer wieder mit Anne Clark. Und jetzt Fishbrook. Stilistisch nie festgelegt treibt es ihn von Minimal Wave \u00fcber Metal und Punk bis zu Alternative Country. Er bedient nahezu jedes Instrument von Gitarre und Bass \u00fcber Keyboards und Synthesizer, Schlagzeug, Trompete und Saxophon. Und er singt. Und wie! Und er schreibt alle Songs.<\/p>\n\n\n\n<p>Bleibt da noch Platz neben Ludwig?<br>Im April 2019 kam Sabine Jacob alias Suzie que dazu. In der Zone aufgewachsen, mu\u00dfte sie Klavier und Geige lernen. Mit 12 verliebte sie sich in die Querfl\u00f6te, und weil es im Osten keine Querfl\u00f6ten zu kaufen gab, baute sie sich eine aus einem Abwasserrohr. Sp\u00e4ter spielte sie in einem Blasorchester, um so an eine staatlich ausgeliehene Querfl\u00f6te zu kommen, lernte nebenher Gitarre und Bass und begann mit 18 in Coverbands Keyboards zu spielen und zu singen, gl\u00fccklich wurde sie von 1985 -89 bei der&nbsp;<a href=\"x-apple-data-detectors:\/\/4\">Neil-Young<\/a>-Coverband Montezuma. Mit der Flucht aus der Zone war es ab 1989 vorbei mit Rock\u2018n\u2018Roll. Bis sie Ludwig traf. Jetzt singt sie seine Songs, spielt Bass und manchmal Fl\u00f6te.<\/p>\n\n\n\n<p>Da fehlt doch noch was?<br>Micha Hawranek macht das Duo zur Band. Man hat ihn mal aus dem Schulchor rausgeschmissen. Seither weigert er sich standhaft, auch nur in die N\u00e4he eines Gesangsmikros zu gehen. In der Enzo Mafia Band spielte er Anfang der 80er Kraut-Jazz-Rock, weitere Stationen waren die Tom Hartmann Band und Strahler 80. Von 1985- 88 trommelte er bei den Shiny Gnomes auf den LP`s &#8222;Wild Spells&#8220; und &#8222;Funny Nightmares&#8220;. Nach \u00fcber einem viertel Jahrhundert musikalischer Abstinenz sitzt er jetzt wieder am Schlagzeug bei der Soulband &#8222;NoiseProjekt&#8220;. Er kanns dann doch nicht lassen. Und durch gl\u00fcckliche F\u00fcgung (der Zufall macht die Musik) seit August 2019 Percussion bei Fishbrook.<\/p>\n\n\n\n<ul class=\"wp-block-list\"><li><\/li><\/ul>\n\n\n\n<figure class=\"wp-block-image size-large\"><img decoding=\"async\" src=\"blob:https:\/\/fishbrook.de\/3844a03d-b117-462b-a29e-549037d5463b\" alt=\"\"\/><\/figure>\n","protected":false},"excerpt":{"rendered":"<p>Fishbrook- Alternative Country or Indie Folk?The lowest common denominator the musicians can agree on is Neil Young. Otherwise, the influences are numerous and very different. Ludwig loves, for example the Sex Pistols and Nirvana, Micha likes H\u00fcsker D\u00fc, Hendrix or early Talking Heads. Sabine Pink Floyd, Sufjan Stevens and Sigur R\u00f3s.The lyrics are about everyday [&hellip;]<\/p>\n","protected":false},"author":1,"featured_media":83,"parent":0,"menu_order":0,"comment_status":"closed","ping_status":"closed","template":"","meta":{"footnotes":""},"class_list":["post-22","page","type-page","status-publish","has-post-thumbnail","hentry"],"_links":{"self":[{"href":"https:\/\/fishbrook.de\/index.php\/wp-json\/wp\/v2\/pages\/22","targetHints":{"allow":["GET"]}}],"collection":[{"href":"https:\/\/fishbrook.de\/index.php\/wp-json\/wp\/v2\/pages"}],"about":[{"href":"https:\/\/fishbrook.de\/index.php\/wp-json\/wp\/v2\/types\/page"}],"author":[{"embeddable":true,"href":"https:\/\/fishbrook.de\/index.php\/wp-json\/wp\/v2\/users\/1"}],"replies":[{"embeddable":true,"href":"https:\/\/fishbrook.de\/index.php\/wp-json\/wp\/v2\/comments?post=22"}],"version-history":[{"count":0,"href":"https:\/\/fishbrook.de\/index.php\/wp-json\/wp\/v2\/pages\/22\/revisions"}],"wp:featuredmedia":[{"embeddable":true,"href":"https:\/\/fishbrook.de\/index.php\/wp-json\/wp\/v2\/media\/83"}],"wp:attachment":[{"href":"https:\/\/fishbrook.de\/index.php\/wp-json\/wp\/v2\/media?parent=22"}],"curies":[{"name":"wp","href":"https:\/\/api.w.org\/{rel}","templated":true}]}}