{"id":201,"date":"2019-11-24T08:05:09","date_gmt":"2019-11-24T08:05:09","guid":{"rendered":"https:\/\/fishbrook.de\/?page_id=201"},"modified":"2019-11-24T08:12:07","modified_gmt":"2019-11-24T08:12:07","slug":"review","status":"publish","type":"page","link":"https:\/\/fishbrook.de\/index.php\/review\/","title":{"rendered":"Review"},"content":{"rendered":"<p><a href=\"http:\/\/countryhome.de\/bandportrait-fishbrook\/\" target=\"_blank\" rel=\"noopener noreferrer\">http:\/\/countryhome.de\/bandportrait-fishbrook\/<\/a><\/p>\n<p>\u00a0<\/p>\n<p>Bandportrait: Fishbrook<br \/>Fishbrook- Alternative Country oder Indie Folk?<\/p>\n<p>Der kleinste gemeinsame Nenner, auf den sich die Musiker einigen k\u00f6nnen, sind Neil Young, Jonny Cash, Dolly Parton . Ansonsten sind die Einfl\u00fcsse zahlreich und sehr unterschiedlich. Ludwig liebt z.B. die Sex Pistols und Nirvana, Micha \u2026\u2026.. Sabine Sufjan Stevens und Sigur R\u00f3s.<\/p>\n<p>Die Texte handeln von allt\u00e4glichen Dingen, die so jedem passiert sind oder passieren k\u00f6nnten, und handeln von Zockern, Dandys, Zuh\u00e4ltern oder von Simone, Gaby, Esther und Tina. Musikalisch ist Ludwigs Musik nie Mainstream. Nur Anh\u00f6ren hilft, beschreiben kann zumindest ich das nicht.<\/p>\n<p>Fishbrook hei\u00dft Fishbrook, weil die Band in N\u00fcrnberg Fischbach probt.<\/p>\n<p>Die Geschichte von Fishbrook begann jedoch lange vor Fishbrook.<\/p>\n<p>Also von Anfang an\u2026<\/p>\n<p>Ludwig Thoma jun. stammt aus einer Musikantenfamilie (?) und mu\u00dfte als Kind auf der Hammondorgel \u201eMaria\u201c spielen . Vor dem Erlernen der Zither sch\u00fctze ihn nur ein Fieberanfall. Lust auf Musik bekam er erst mit 17, als er mit \u201eNachgeburt\u201c begann, Minimalpunk zu machen. Inzwischen ist er in nahezu unz\u00e4hligen eigenen Projekten aktiv oder aktiv gewesen- Elephant never sleep, Fix und fertig, House of Pancakes, Softtoysanimals, DHP, Ludwigthoma goes pop, Ludwig London, machte mit Grupo sportivo Musik und immer wieder mit Anne Clark. Und jetzt Fishbrook. Stilistisch nie festgelegt treibt es ihn von Minimal Wave \u00fcber Metal und Punk bis zu Alternative Country. Er bedient nahezu jedes Instrument von Gitarre und Bass \u00fcber Keyboards und Synthesizer, Schlagzeug, Trompete und Saxophon. Und er singt. Und wie! Und er schreibt alle Songs.<\/p>\n<p>Bleibt da noch Platz neben Ludwig?<\/p>\n<p>Im April 2019 kam Sabine Jacob alias Suzie que dazu. In der Zone aufgewachsen, mu\u00dfte sie Klavier und Geige lernen. Mit 12 verliebte sie sich in die Querfl\u00f6te, und weil es im Osten keine Querfl\u00f6ten zu kaufen gab, baute sie sich eine aus einem Abwasserrohr. Sp\u00e4ter spielte sie in einem Blasorchester, um so an eine staatlich ausgeliehene Querfl\u00f6te zu kommen, lernte nebenher Gitarre und Bass und begann mit 18 in Coverbands Keyboards zu spielen und zu singen, gl\u00fccklich wurde sie von 1985 -89 bei der Neil-Young-Coverrockband Montezuma. Mit der Flucht aus der Zone war es ab 1989 vorbei mit Rock\u2018n\u2018Roll. Bis sie Ludwig traf. Jetzt singt sie seine Songs, spielt Bass und manchmal Fl\u00f6te.<\/p>\n<p>Da fehlt doch noch was?<\/p>\n<p>Micha Hawranek macht das Duo zur Band. Man hat ihn mal aus einem Chor rausgeschmissen. Seither weigert er sich standhaft, auch nur in die N\u00e4he eines Gesangsmikros zu gehen. In der Enzo Mafia Band spielte er Kraut Jazz Rock, weitere Stationen waren die Tom Hartmann Band und Strahler 80. Von 1985- 88 trommelte er bei den Shiny Gnomes in der Zeit ihrer gr\u00f6\u00dften Erfolge. Jetzt spielt er wieder nach l\u00e4ngerer Pause- die bedingt war durch einen Abstecher ins b\u00fcrgerliche Leben- Schlagzeug bei NoiseProjekt. Und seit August 2019 je nach Gem\u00fctsverfassung der Beteiligten Percussion oder Schlagzeug bei Fishbrook.<\/p>\n<p>H\u00f6rproben zu Fishbrook?<\/p>\n<p>Gibt es in H\u00fclle und F\u00fclle und noch einiges mehr auf der Website der Band, sowie auf Facebook.<\/p>\n<p>\u00dcbrigens, Live gibt es Fishbrook immer Donnerstags von 20:00 Uhr bis 22:00 Uhr auf Facebook und Dienstags beim Afterwork- Konzert von 17:30 Uhr bis 20:00 Uhr in Eugens Weinstube in 91522 Ansbach.<\/p>\n\n\n<figure class=\"wp-block-image size-large\"><img loading=\"lazy\" decoding=\"async\" width=\"468\" height=\"60\" src=\"https:\/\/fishbrook.de\/wp-content\/uploads\/2019\/11\/5CBB3A47-FA35-44F9-9989-5E75F40B202D.jpeg\" alt=\"\" class=\"wp-image-205\" srcset=\"https:\/\/fishbrook.de\/wp-content\/uploads\/2019\/11\/5CBB3A47-FA35-44F9-9989-5E75F40B202D.jpeg 468w, https:\/\/fishbrook.de\/wp-content\/uploads\/2019\/11\/5CBB3A47-FA35-44F9-9989-5E75F40B202D-300x38.jpeg 300w\" sizes=\"auto, (max-width: 468px) 100vw, 468px\" \/><\/figure>\n","protected":false},"excerpt":{"rendered":"<p>http:\/\/countryhome.de\/bandportrait-fishbrook\/ \u00a0 Bandportrait: FishbrookFishbrook- Alternative Country oder Indie Folk? Der kleinste gemeinsame Nenner, auf den sich die Musiker einigen k\u00f6nnen, sind Neil Young, Jonny Cash, Dolly Parton . Ansonsten sind die Einfl\u00fcsse zahlreich und sehr unterschiedlich. Ludwig liebt z.B. die Sex Pistols und Nirvana, Micha \u2026\u2026.. Sabine Sufjan Stevens und Sigur R\u00f3s. Die Texte handeln [&hellip;]<\/p>\n","protected":false},"author":1,"featured_media":205,"parent":0,"menu_order":0,"comment_status":"closed","ping_status":"closed","template":"","meta":{"footnotes":""},"class_list":["post-201","page","type-page","status-publish","has-post-thumbnail","hentry"],"_links":{"self":[{"href":"https:\/\/fishbrook.de\/index.php\/wp-json\/wp\/v2\/pages\/201","targetHints":{"allow":["GET"]}}],"collection":[{"href":"https:\/\/fishbrook.de\/index.php\/wp-json\/wp\/v2\/pages"}],"about":[{"href":"https:\/\/fishbrook.de\/index.php\/wp-json\/wp\/v2\/types\/page"}],"author":[{"embeddable":true,"href":"https:\/\/fishbrook.de\/index.php\/wp-json\/wp\/v2\/users\/1"}],"replies":[{"embeddable":true,"href":"https:\/\/fishbrook.de\/index.php\/wp-json\/wp\/v2\/comments?post=201"}],"version-history":[{"count":0,"href":"https:\/\/fishbrook.de\/index.php\/wp-json\/wp\/v2\/pages\/201\/revisions"}],"wp:featuredmedia":[{"embeddable":true,"href":"https:\/\/fishbrook.de\/index.php\/wp-json\/wp\/v2\/media\/205"}],"wp:attachment":[{"href":"https:\/\/fishbrook.de\/index.php\/wp-json\/wp\/v2\/media?parent=201"}],"curies":[{"name":"wp","href":"https:\/\/api.w.org\/{rel}","templated":true}]}}