{"id":2,"date":"2019-11-14T08:48:40","date_gmt":"2019-11-14T08:48:40","guid":{"rendered":"https:\/\/fishbrook.de\/?page_id=2"},"modified":"2019-11-14T10:36:43","modified_gmt":"2019-11-14T10:36:43","slug":"sample-page","status":"publish","type":"page","link":"https:\/\/fishbrook.de\/index.php\/sample-page\/","title":{"rendered":"Band Contract"},"content":{"rendered":"\n<p><br> BAND-LEISTUNGSVERTRAG<br> Dieser Vertrag (die &#8222;Vereinbarung&#8220;) wird an diesem Tag zwischen Operator (&#8230;&#8230;&#8230;&#8230;&#8230;&#8230;&#8230;&#8230;&#8230;&#8230;&#8230;&#8230;&#8230;&#8230;&#8230;.) und Fishbrook (die &#8222;Band&#8220;) geschlossen, um Band als unabh\u00e4ngige Auftragnehmer f\u00fcr die Durchf\u00fchrung (die &#8222;Show&#8220;) f\u00fcr Operator am Veranstaltungsort zu engagieren <\/p>\n\n\n\n<p>&#8230;&#8230;&#8230;&#8230;&#8230;&#8230;&#8230;&#8230;&#8230;&#8230;&#8230;&#8230;&#8230;&#8230;&#8230;&#8230;&#8230;&#8230;&#8230;&#8230;.), der sich an der Adresse Adresse des Veranstaltungsorts befindet.<br> Es wird folgendes vereinbart:<\/p>\n\n\n\n<ol class=\"wp-block-list\"><li>Ort, Datum und Uhrzeit der Show (am&#8230;&#8230;&#8230;&#8230;&#8230;&#8230;&#8230;&#8230;&#8230;&#8230;&#8230;&#8230;&#8230;&#8230;). Die Parteien vereinbaren, dass Zeitpunkt und Ort der Show am Tag des Monats, des Jahres und der Uhrzeit der Veranstaltungsort sind.<\/li><li>Beschreibung der Show. Die Show wird eine musikalische Darbietung sein, deren musikalischer Inhalt von der Band festgelegt wird. Die Show dauert mindestens 90 Minuten  f\u00fcr Show-Minuten.<\/li><li>Zahlung. Die Entsch\u00e4digung f\u00fcr die Show erfolgt in Euro, zahlbar nach Zahlungsmethode (Bargeld ).<\/li><li>Als Gage wir$ ( &#8230;&#8230;&#8230;&#8230;&#8230;&#8230;&#8230;.Euro ) Verein bart<\/li><li>Stornierung. Wenn die vollst\u00e4ndige Zahlung nicht bis unmittelbar vor der Show der Band erfolgt, kann die Show von der Band abgesagt werden und der Betreiber kann keine Sch\u00e4den geltend machen. Eine Stornierung kann durch den Betreiber vor zwei Tagen vor dem Zeitpunkt der Ausstellung erfolgen. In diesem Fall wird die Anzahlung von 50% der Geb\u00fchr des Betreibers nicht erstattet, der Betreiber muss jedoch die restlichen 50% der Geb\u00fchr nicht bezahlen. Wenn die Show innerhalb von 2 Tagen nach der Show abgesagt wird, muss der Betreiber die volle Geb\u00fchr f\u00fcr das Band bezahlen. Band kann jederzeit vor dem Ticketverkauf durch den Betreiber stornieren. In diesem Fall muss Band die Geb\u00fchr vollst\u00e4ndig erstatten.<\/li><li>H\u00f6here Gewalt. F\u00fcr den Fall, dass die Show aufgrund von unvorhersehbaren Ereignissen wie Naturkatastrophen, beh\u00f6rdlichen Eingriffen oder Krankheiten \/ Behinderungen von Band nicht angemessen durchgef\u00fchrt werden kann, In diesem Fall wird eine neue Vereinbarung, die dies widerspiegelt, von den Parteien unterzeichnet. Weitere Schadensersatzanspr\u00fcche wegen Nichterf\u00fcllung wegen h\u00f6herer Gewalt sind ausgeschlossen.<\/li><li>Band Guest Tickets. Der Betreiber stellt Band Tickets Freikarten f\u00fcr die Show zur Verf\u00fcgung, die von der Band nach eigenem Ermessen genutzt werden k\u00f6nnen.<\/li><li>Essen und Trinken. Der Betreiber versorgt das Band mit Mahlzeiten &#8211; eine f\u00fcr jede Person mit Mahlzeiten und Wasserflaschen.<\/li><li>Parken. Der Betreiber sichert ausreichend Parkpl\u00e4tze f\u00fcr den VW Band Bus von Band in angemessener Entfernung zum Veranstaltungsort f\u00fcr einen Zeitraum von mindestens 2 Stunden vor der Show und eine Stunde nach der Show.<\/li><\/ol>\n\n\n\n<ol class=\"wp-block-list\"><li>Sound Systems Check. Ein Soundcheck, der vom Soundsystem von Band of Venue durchgef\u00fchrt wird, muss zwischen Band und Operator vereinbart werden.<\/li><li>Sicherheit, Gesundheit und Sicherheit. Der Betreiber garantiert, dass der Veranstaltungsort gro\u00df genug ist, um die Veranstaltung sicher durchzuf\u00fchren, dass der Veranstaltungsort stabil gebaut und ausreichend wettergesch\u00fctzt ist und dass angemessene Sicherheits- und \/ oder Rettungskr\u00e4fte zur Verf\u00fcgung stehen, falls dies absehbar erforderlich ist. Der Betreiber unterh\u00e4lt eine ausreichende Personen- \/ Sachversicherung f\u00fcr den Veranstaltungsort, um vorhersehbare Sch\u00e4den abzudecken.<\/li><li>Entsch\u00e4digung. Der Betreiber stellt Band von jeglichen Anspr\u00fcchen wegen Sach- oder Personensch\u00e4den frei, die durch die Showteilnehmer verursacht wurden.<\/li><li>Schiedsgerichtsbarkeit von Streitigkeiten. Alle Anspr\u00fcche oder Streitigkeiten einer Partei aus oder im Rahmen dieser Vereinbarung werden einem Schiedsverfahren unter Verwendung des Dienstes unter der URL-Adresse http:\/\/www.judge.me (der &#8222;Schiedsgerichtsdienst&#8220;) und gem\u00e4\u00df den Regeln dieser Schiedsgerichtsbarkeit unterworfen Bedienung. Jedes Gericht, das ansonsten f\u00fcr den Streit zust\u00e4ndig gewesen w\u00e4re, setzt sowohl die Schlichtung durch die Schiedsstelle als auch einen Schiedsspruch durch. Die Parteien tragen ihre eigenen Kosten, mit der Ausnahme, dass die von der Schiedsstelle f\u00fcr die Einreichung des Falls bei der Schiedsstelle erhobene Geb\u00fchr von der anderen Partei im Rahmen eines Schiedsspruchs zur\u00fcckgefordert werden kann.<\/li><li>Salvatorische Klausel. Wenn ein Teil der Vereinbarung gegen geltendes Recht verst\u00f6\u00dft, wird dieser Teil unwirksam, alle anderen Teile der Vereinbarung bleiben jedoch in Kraft.<\/li><li>Interpretation. Die Vereinbarung wird nach deutschem Recht ausgelegt.<\/li><li>Fahrer. Nichts in der Vereinbarung soll einen Fahrer davon abhalten, zu einer Vereinbarung hinzugef\u00fcgt zu werden, die f\u00fcr die Band g\u00fcnstig ist, wie von der Band beurteilt. Alle Fahrer m\u00fcssen schriftlich und von der Partei, gegen die die Vollstreckung beantragt wird, unterschrieben sein.<\/li><\/ol>\n\n\n\n<p>Der unten unterzeichnete Bandrepr\u00e4sentant hat die Vollmacht, diese Vereinbarung f\u00fcr Band in ihrer Gesamtheit vollstreckbar zu unterzeichnen. Der unten unterzeichnete Operator&#8217;s Representative garantiert, dass er befugt ist, den Operator und den Veranstaltungsort (oben) zu binden.<\/p>\n\n\n\n<p>Unterschrift des Vertreters der Band: &#8230;&#8230;&#8230;&#8230;&#8230;..<\/p>\n\n\n\n<p>Bandbeauftragter : Sabin Jakob<\/p>\n\n\n\n<p>Band geschriebener Name: Fishbrook<\/p>\n\n\n\n<p>Unterschrift des Betreibers: &#8230;&#8230;&#8230;&#8230;&#8230;&#8230;&#8230;&#8230;&#8230;&#8230;&#8230;&#8230;&#8230;&#8230;&#8230;&#8230;&#8230;..<\/p>\n\n\n\n<p>Vertreter des Betreibers getippter Name und Titel: Sabine Jakob<\/p>\n\n\n\n<p><\/p>\n\n\n\n<p><\/p>\n","protected":false},"excerpt":{"rendered":"<p>BAND-LEISTUNGSVERTRAG Dieser Vertrag (die &#8222;Vereinbarung&#8220;) wird an diesem Tag zwischen Operator (&#8230;&#8230;&#8230;&#8230;&#8230;&#8230;&#8230;&#8230;&#8230;&#8230;&#8230;&#8230;&#8230;&#8230;&#8230;.) und Fishbrook (die &#8222;Band&#8220;) geschlossen, um Band als unabh\u00e4ngige Auftragnehmer f\u00fcr die Durchf\u00fchrung (die &#8222;Show&#8220;) f\u00fcr Operator am Veranstaltungsort zu engagieren &#8230;&#8230;&#8230;&#8230;&#8230;&#8230;&#8230;&#8230;&#8230;&#8230;&#8230;&#8230;&#8230;&#8230;&#8230;&#8230;&#8230;&#8230;&#8230;&#8230;.), der sich an der Adresse Adresse des Veranstaltungsorts befindet. Es wird folgendes vereinbart: Ort, Datum und Uhrzeit der Show (am&#8230;&#8230;&#8230;&#8230;&#8230;&#8230;&#8230;&#8230;&#8230;&#8230;&#8230;&#8230;&#8230;&#8230;). Die [&hellip;]<\/p>\n","protected":false},"author":1,"featured_media":83,"parent":0,"menu_order":0,"comment_status":"closed","ping_status":"closed","template":"","meta":{"footnotes":""},"class_list":["post-2","page","type-page","status-publish","has-post-thumbnail","hentry"],"_links":{"self":[{"href":"https:\/\/fishbrook.de\/index.php\/wp-json\/wp\/v2\/pages\/2","targetHints":{"allow":["GET"]}}],"collection":[{"href":"https:\/\/fishbrook.de\/index.php\/wp-json\/wp\/v2\/pages"}],"about":[{"href":"https:\/\/fishbrook.de\/index.php\/wp-json\/wp\/v2\/types\/page"}],"author":[{"embeddable":true,"href":"https:\/\/fishbrook.de\/index.php\/wp-json\/wp\/v2\/users\/1"}],"replies":[{"embeddable":true,"href":"https:\/\/fishbrook.de\/index.php\/wp-json\/wp\/v2\/comments?post=2"}],"version-history":[{"count":0,"href":"https:\/\/fishbrook.de\/index.php\/wp-json\/wp\/v2\/pages\/2\/revisions"}],"wp:featuredmedia":[{"embeddable":true,"href":"https:\/\/fishbrook.de\/index.php\/wp-json\/wp\/v2\/media\/83"}],"wp:attachment":[{"href":"https:\/\/fishbrook.de\/index.php\/wp-json\/wp\/v2\/media?parent=2"}],"curies":[{"name":"wp","href":"https:\/\/api.w.org\/{rel}","templated":true}]}}