{"id":19,"date":"2019-11-14T09:35:46","date_gmt":"2019-11-14T09:35:46","guid":{"rendered":"https:\/\/fishbrook.de\/?page_id=19"},"modified":"2019-11-14T09:35:46","modified_gmt":"2019-11-14T09:35:46","slug":"tec-rider","status":"publish","type":"page","link":"https:\/\/fishbrook.de\/index.php\/tec-rider\/","title":{"rendered":"Tec Rider"},"content":{"rendered":"\n<p>Fishbrook &amp; Band<\/p>\n\n\n\n<p>Technical Rider 2019<\/p>\n\n\n\n<p>Dieser Rider soll Veranstalter und Band helfen, einen reibungslosen Ablauf der gemeinsamen Veranstaltung zu gew\u00e4hrleisten. Bitte lesen Sie die Anforderungen genau und beachten Sie, dass der Rider Vertragsgegenstand ist.<\/p>\n\n\n\n<p>Bei technischen Fragen wenden Sie sich bitte an Sabine&nbsp;<\/p>\n\n\n\n<p>Vielen Dank<\/p>\n\n\n\n<p>PA-System<\/p>\n\n\n\n<p>Das Beschallungssystem sollte ein der Veranstaltungsfl\u00e4che passendes getrenntes System aus HI\/Mid und Sub sein. Bei Eintreffen der Produktionscrew sollte es eingemessen und getestet sein.<\/p>\n\n\n\n<p>Monitoring<\/p>\n\n\n\n<p>Auf der B\u00fchne ben\u00f6tigen wir: 4 Wedges + 1 Mic&nbsp;<\/p>\n\n\n\n<p>Mischpult<\/p>\n\n\n\n<p>Das Mischpult sollte \u00fcber mindestens 8 freie Kan\u00e4le und vollparametrische EQs verf\u00fcgen.<\/p>\n\n\n\n<p>B\u00fchne\/Riser\/Personal<\/p>\n\n\n\n<p>Fishbrook &amp; Band reisen ohne eigene Techniker<\/p>\n\n\n\n<p>Bei Eintreffen von Fishbrook &amp; Band muss die B\u00fchne gereinigt und bezugsfertig sein.<\/p>\n\n\n\n<p>Bei Open-Air-Veranstaltungen muss die B\u00fchne zudem durch Dach- und W\u00e4nde sowie durch flachen, ebenen B\u00fchnenboden ordentlich vor Witterung gesch\u00fctzt zu sein.<\/p>\n\n\n\n<p>Wir reisen ohne Lichttechniker und freuen uns auf einen kompetenten, kreativen Lichttechniker, der die Show Stimmungsvoll in beleuchtet.<\/p>\n\n\n\n<p>Wir freuen uns \u00fcber einen kompetenten, netten, n\u00fcchternen und ausgeschlafenen Tontechniker, der mit der elektrischen Anlage vertraut ist vom Get-in bis zum Ende der Veranstaltung f\u00fcr technische Fragen Ansprechpartner ist.<br><\/p>\n\n\n\n<p>Fishbrook &amp; Band spielen deutsch\/ englischen Alternate Country<\/p>\n\n\n\n<p>Vielen Dank, dass Sie sich die Zeit genommen haben, diesen Rider zu lesen. Sollten Einzelheiten nicht realisierbar sein m\u00f6chten wir Sie bitten -vorab- mit unserem technischen Ansprechpartner Kontakt aufzunehmen.<\/p>\n\n\n\n<p>Wir freuen uns auf eine gute Zusammenarbeit und eine erfolgreiche Produktion.<\/p>\n\n\n\n<p>Sabine Jakob ASP<br><\/p>\n\n\n\n<p>Fishbrook &amp; Band \u2013 technischer Ansprechpartner Tel.: +49&nbsp;<\/p>\n\n\n\n<p>&nbsp;Fishbrook &amp; Band 1 Tech-Rider 2019<\/p>\n\n\n\n<p>&nbsp;Patch<\/p>\n\n\n\n<p>Fishbrook &amp; Band 1 Tech-Rider 2019<\/p>\n\n\n\n<p>&nbsp; &nbsp; &nbsp;&nbsp;Kanal<\/p>\n\n\n\n<p>Instrument<\/p>\n\n\n\n<p>Mic (vorschl\u00e4ge)<\/p>\n\n\n\n<p>Position<\/p>\n\n\n\n<p>1<\/p>\n\n\n\n<p>Line Roland Acoustic&nbsp;<\/p>\n\n\n\n<p>Gitarre<\/p>\n\n\n\n<p>2<\/p>\n\n\n\n<p>Line Roland Acoustic&nbsp;<\/p>\n\n\n\n<p>Vocals&nbsp;<\/p>\n\n\n\n<p>3<\/p>\n\n\n\n<p>Line Roland Acoustic<\/p>\n\n\n\n<p>Bass<\/p>\n\n\n\n<p>4<\/p>\n\n\n\n<p>Line Roland Acoustic<\/p>\n\n\n\n<p>Vocals 2<\/p>\n\n\n\n<p>5<\/p>\n\n\n\n<p>Mic&nbsp;<\/p>\n\n\n\n<p>Kleinmembran Kondensator<\/p>\n\n\n\n<p>Drums\/ Kahong&nbsp;<\/p>\n\n\n\n<p>6<\/p>\n\n\n\n<p>1 Mic Vocals Kahong<\/p>\n\n\n\n<p>7<\/p>\n\n\n\n<p>Mic Harp player<\/p>\n\n\n\n<p>&nbsp;&nbsp; &nbsp; &nbsp; &nbsp; &nbsp; &nbsp; &nbsp; &nbsp; &nbsp; &nbsp; &nbsp; &nbsp;&nbsp;Fishbrook &amp; Band 1 Tech-Rider<\/p>\n\n\n\n<p>Fishbrook &amp; Band 1 Tech-Rider 2019<\/p>\n\n\n\n<p>E-Mail&nbsp;<\/p>\n\n\n\n<p>Sabine ASP<\/p>\n","protected":false},"excerpt":{"rendered":"<p>Fishbrook &amp; Band Technical Rider 2019 Dieser Rider soll Veranstalter und Band helfen, einen reibungslosen Ablauf der gemeinsamen Veranstaltung zu gew\u00e4hrleisten. Bitte lesen Sie die Anforderungen genau und beachten Sie, dass der Rider Vertragsgegenstand ist. Bei technischen Fragen wenden Sie sich bitte an Sabine&nbsp; Vielen Dank PA-System Das Beschallungssystem sollte ein der Veranstaltungsfl\u00e4che passendes getrenntes [&hellip;]<\/p>\n","protected":false},"author":1,"featured_media":0,"parent":0,"menu_order":0,"comment_status":"closed","ping_status":"closed","template":"","meta":{"footnotes":""},"class_list":["post-19","page","type-page","status-publish","hentry"],"_links":{"self":[{"href":"https:\/\/fishbrook.de\/index.php\/wp-json\/wp\/v2\/pages\/19","targetHints":{"allow":["GET"]}}],"collection":[{"href":"https:\/\/fishbrook.de\/index.php\/wp-json\/wp\/v2\/pages"}],"about":[{"href":"https:\/\/fishbrook.de\/index.php\/wp-json\/wp\/v2\/types\/page"}],"author":[{"embeddable":true,"href":"https:\/\/fishbrook.de\/index.php\/wp-json\/wp\/v2\/users\/1"}],"replies":[{"embeddable":true,"href":"https:\/\/fishbrook.de\/index.php\/wp-json\/wp\/v2\/comments?post=19"}],"version-history":[{"count":0,"href":"https:\/\/fishbrook.de\/index.php\/wp-json\/wp\/v2\/pages\/19\/revisions"}],"wp:attachment":[{"href":"https:\/\/fishbrook.de\/index.php\/wp-json\/wp\/v2\/media?parent=19"}],"curies":[{"name":"wp","href":"https:\/\/api.w.org\/{rel}","templated":true}]}}